{"id":3181,"date":"2014-11-02T13:37:39","date_gmt":"2014-11-02T05:37:39","guid":{"rendered":"https:\/\/www.feiteseal.com\/about-us\/"},"modified":"2019-01-09T15:01:30","modified_gmt":"2019-01-09T07:01:30","slug":"about-us","status":"publish","type":"page","link":"https:\/\/www.feiteseal.com\/cs\/about-us\/","title":{"rendered":"O n\u00e1s"},"content":{"rendered":"<p><img loading=\"lazy\" class=\"size-full wp-image-3067 alignright\" src=\"https:\/\/www.feiteseal.com\/wp-content\/uploads\/2018\/07\/rev4.jpg\" alt=\"rev4\" width=\"250\" height=\"250\" srcset=\"https:\/\/www.feiteseal.com\/wp-content\/uploads\/2018\/07\/rev4.jpg 650w, https:\/\/www.feiteseal.com\/wp-content\/uploads\/2018\/07\/rev4-150x150.jpg 150w\" sizes=\"(max-width: 250px) 100vw, 250px\" \/><\/p>\n<p><strong>CiXi Feite t\u011bsn\u011bn\u00ed materi\u00e1lu Co Ltd<\/strong>, to je jeden z t\u011bsn\u011bn\u00ed, t\u011bsn\u011bn\u00ed t\u011bsn\u011bn\u00ed a pr\u016fmyslov\u00fdch izola\u010dn\u00edch v\u00fdrobk\u016f v\u00fdrobce a dodavatele v \u010c\u00edn\u011b, spole\u010dnost se nach\u00e1z\u00ed v CiXi, Ningbo, \u010c\u00edna. Specializujeme se na navrhov\u00e1n\u00ed, v\u00fdrobu a export r\u016fzn\u00fdch t\u011bsn\u011bn\u00ed a tekut\u00fdch t\u011bsnic\u00edch produkt\u016f.<\/p>\n<p><strong>Hlavn\u00ed produkty spole\u010dnosti FEITE:<\/strong><\/p>\n<p><strong>Pleten\u00e9 obaly:<\/strong><\/p>\n<p>Grafitov\u00e9 balen\u00ed z PTFE, balen\u00ed z aramidov\u00fdch vl\u00e1ken, grafitov\u00e9 balen\u00ed, balen\u00ed z uhl\u00edkov\u00fdch vl\u00e1ken, balen\u00ed miner\u00e1ln\u00edch vl\u00e1ken, obal z keramick\u00fdch vl\u00e1ken, balen\u00ed z um\u011bl\u00fdch vl\u00e1ken, balen\u00ed z akrylov\u00fdch vl\u00e1ken, balen\u00ed z vl\u00e1ken Kynol, balen\u00ed z rostlinn\u00fdch vl\u00e1ken, balen\u00ed z Ramieho vl\u00e1kna,<\/p>\n<p><strong>Kovov\u00e9 a nekovov\u00e9 t\u011bsn\u011bn\u00ed:<\/strong><\/p>\n<p>(PTFE, pry\u017e, bez azbestu, sl\u00eddy, korku), ploch\u00e9 t\u011bsn\u011bn\u00ed z kovu, kovov\u00e9 t\u011bsn\u011bn\u00ed (m\u011b\u010f, \u017eelezo, hlin\u00edk), nekovov\u00e9 ploch\u00e9 t\u011bsn\u011bn\u00ed T\u011bsn\u011bn\u00ed automobil\u016f, t\u011bsn\u011bn\u00ed tlumi\u010de v\u00fdfuku, t\u011bsn\u011bn\u00ed v\u00e1lc\u016f atd.<\/p>\n<p><strong>T\u011bsnic\u00ed p\u00e1sy a role:<\/strong><\/p>\n<p>Grafitov\u00e9 desky, desky z PTFE, desky bez azbestu, desky z pry\u017eov\u00e9 pry\u017ee, desky azbestu, sl\u00eddov\u00e9 desky, korkov\u00e9 desky, izola\u010dn\u00ed desky apod.<\/p>\n<p><strong>T\u011bsn\u011bn\u00ed a obalov\u00e1 surovina:<\/strong><\/p>\n<p>T\u011bsn\u011bn\u00ed, t\u011bsn\u011bn\u00ed Surovina, t\u011bsn\u011bn\u00ed Surovina, nerezov\u00e1 ocel 316L, azbest \/ azbest, PTFE, grafit, pry\u017e, korok, sl\u00edda apod.<\/p>\n<p><strong>T\u011bsn\u011bn\u00ed stroje a n\u00e1stroje:<\/strong><\/p>\n<p>T\u011bsn\u00edc\u00ed stroje, nav\u00edjec\u00ed stroje, brader balic\u00ed stroje, balic\u00ed n\u00e1\u0159ad\u00ed apod.<\/p>\n<p><strong>Izola\u010dn\u00ed v\u00fdrobky:<\/strong><\/p>\n<p>Azbestov\u00e9 p\u0159\u00edze, azbestov\u00e9 lano, azbestov\u00e1 p\u00e1ska, azbestov\u00e1 tkanina,<\/p>\n<p>Sklen\u011bn\u00e1 vl\u00e1knov\u00e1 p\u0159\u00edze, sklen\u011bn\u00e1 vl\u00e1knov\u00e1 lana, skeln\u00e1 tkanina, skeln\u00e1 vl\u00e1kna,<\/p>\n<p>P\u0159\u00edze z keramick\u00fdch vl\u00e1ken, lana z keramick\u00fdch vl\u00e1ken, keramick\u00e9 vl\u00e1knov\u00e9 p\u00e1sky, keramick\u00e9 vl\u00e1knov\u00e9 pl\u00e1tno apod.<\/p>\n<h2 style=\"text-align: justify;\"><\/h2>\n<p><img loading=\"lazy\" class=\"size-full wp-image-3063 alignleft\" src=\"https:\/\/www.feiteseal.com\/wp-content\/uploads\/2018\/07\/rev3-1.jpg\" alt=\"rev3-1\" width=\"250\" height=\"250\" srcset=\"https:\/\/www.feiteseal.com\/wp-content\/uploads\/2018\/07\/rev3-1.jpg 775w, https:\/\/www.feiteseal.com\/wp-content\/uploads\/2018\/07\/rev3-1-150x150.jpg 150w, https:\/\/www.feiteseal.com\/wp-content\/uploads\/2018\/07\/rev3-1-768x768.jpg 768w\" sizes=\"(max-width: 250px) 100vw, 250px\" \/><\/p>\n<h2 style=\"text-align: justify;\">CiXi Feite t\u011bsn\u00edc\u00ed materi\u00e1l Co., Ltd.<\/h2>\n<p>&nbsp;<\/p>\n<p><strong>Slu\u017eby FEITE<\/strong> jsou pro v\u011bkov\u00e9 kategorie dob\u0159e zn\u00e1m\u00e9 ve v\u011bdn\u00edch odv\u011btv\u00edch, jako je Oil &amp; Gas; Potrub\u00ed a rafin\u00e9rie; Petrochemick\u00e9, chemick\u00e9 a farmaceutick\u00e9 rostliny; Fosiln\u00ed, vodn\u00ed a jadern\u00e9 elektr\u00e1rny; Cement, pap\u00edr a celul\u00f3za, hnojiva a cukrovary; Ocelov\u00e9 a elektr\u00e1rny; V\u00fdm\u011bn\u00edky tepla, ventily, \u010derpadla, ventil\u00e1tory, kompresory a ho\u0159\u00e1ky; Parn\u00ed a plynov\u00e9 turb\u00edny; Stavba lod\u00ed a \u017eeleznice; Leteck\u00e9 motory; Vnit\u0159n\u00ed spalovac\u00ed motory; OEM atd.<\/p>\n<p><strong>C\u00edle FEITE<\/strong> rostou dod\u00e1n\u00edm BEST QUALITY a NEJLEP\u0160\u00cd CENY v\u0161em z\u00e1kazn\u00edk\u016fm po cel\u00e9m sv\u011bt\u011b, spln\u011bn\u00ed po\u017eadavk\u016f z\u00e1kazn\u00edk\u016f a po\u017eadavku zajistit, aby ka\u017ed\u00fd z\u00e1kazn\u00edk nev\u00e1hal nakupovat a pou\u017e\u00edvat na\u0161e produkty.<\/p>\n<p>Spole\u010dnost FEITE m\u016f\u017ee tak\u00e9 poskytovat slu\u017eby n\u00e1kupu a exportu produkt\u016f, kter\u00e9 jsou vyrobeny v \u010c\u00edn\u011b.<\/p>\n","protected":false},"excerpt":{"rendered":"<p>CiXi Feite t\u011bsn\u011bn\u00ed materi\u00e1lu Co Ltd, to je jeden z t\u011bsn\u011bn\u00ed, t\u011bsn\u011bn\u00ed t\u011bsn\u011bn\u00ed a pr\u016fmyslov\u00fdch izola\u010dn\u00edch v\u00fdrobk\u016f v\u00fdrobce a dodavatele v \u010c\u00edn\u011b, spole\u010dnost se nach\u00e1z\u00ed v CiXi, Ningbo, \u010c\u00edna. Specializujeme se na navrhov\u00e1n\u00ed, v\u00fdrobu a export r\u016fzn\u00fdch t\u011bsn\u011bn\u00ed a tekut\u00fdch t\u011bsnic\u00edch produkt\u016f. Hlavn\u00ed produkty spole\u010dnosti FEITE: Pleten\u00e9 obaly: Grafitov\u00e9 balen\u00ed z PTFE, balen\u00ed z aramidov\u00fdch [&hellip;]<\/p>\n","protected":false},"author":1,"featured_media":0,"parent":0,"menu_order":0,"comment_status":"closed","ping_status":"closed","template":"","meta":[],"yst_prominent_words":[3375,849,3376,853,3377,937,3378,2902,3380,3364,3365,3366,3367,3368,3369,3370,3371,3372,3373,3374],"_links":{"self":[{"href":"https:\/\/www.feiteseal.com\/cs\/wp-json\/wp\/v2\/pages\/3181\/"}],"collection":[{"href":"https:\/\/www.feiteseal.com\/cs\/wp-json\/wp\/v2\/pages\/"}],"about":[{"href":"https:\/\/www.feiteseal.com\/cs\/wp-json\/wp\/v2\/types\/page\/"}],"author":[{"embeddable":true,"href":"https:\/\/www.feiteseal.com\/cs\/wp-json\/wp\/v2\/users\/1\/"}],"replies":[{"embeddable":true,"href":"https:\/\/www.feiteseal.com\/cs\/wp-json\/wp\/v2\/comments\/?post=3181"}],"version-history":[{"count":4,"href":"https:\/\/www.feiteseal.com\/cs\/wp-json\/wp\/v2\/pages\/3181\/revisions\/"}],"predecessor-version":[{"id":11459,"href":"https:\/\/www.feiteseal.com\/cs\/wp-json\/wp\/v2\/pages\/3181\/revisions\/11459\/"}],"wp:attachment":[{"href":"https:\/\/www.feiteseal.com\/cs\/wp-json\/wp\/v2\/media\/?parent=3181"}],"wp:term":[{"taxonomy":"yst_prominent_words","embeddable":true,"href":"https:\/\/www.feiteseal.com\/cs\/wp-json\/wp\/v2\/yst_prominent_words\/?post=3181"}],"curies":[{"name":"wp","href":"https:\/\/api.w.org\/{rel}","templated":true}]}}