{"id":3182,"date":"2014-11-02T13:37:39","date_gmt":"2014-11-02T05:37:39","guid":{"rendered":"https:\/\/www.feiteseal.com\/about-us\/"},"modified":"2019-01-09T15:07:32","modified_gmt":"2019-01-09T07:07:32","slug":"about-us","status":"publish","type":"page","link":"https:\/\/www.feiteseal.com\/fr\/about-us\/","title":{"rendered":"A propos de nous"},"content":{"rendered":"<p><img loading=\"lazy\" class=\"size-full wp-image-3067 alignright\" src=\"https:\/\/www.feiteseal.com\/wp-content\/uploads\/2018\/07\/rev4.jpg\" alt=\"rev4\" width=\"250\" height=\"250\" srcset=\"https:\/\/www.feiteseal.com\/wp-content\/uploads\/2018\/07\/rev4.jpg 650w, https:\/\/www.feiteseal.com\/wp-content\/uploads\/2018\/07\/rev4-150x150.jpg 150w\" sizes=\"(max-width: 250px) 100vw, 250px\" \/><\/p>\n<p style=\"text-align: left;\"><strong>CiXi Feite \u00e9tanch\u00e9it\u00e9 Material Co., Ltd<\/strong> est l&rsquo;un des joints d&rsquo;\u00e9tanch\u00e9it\u00e9, emballage d&rsquo;\u00e9tanch\u00e9it\u00e9 et produits d&rsquo;isolation industrielle fabricant et fournisseur en Chine, la soci\u00e9t\u00e9 est situ\u00e9e \u00e0 CiXi, Ningbo, en Chine. Nous sommes sp\u00e9cialis\u00e9s dans la conception, la fabrication et l&rsquo;exportation d&rsquo;une vari\u00e9t\u00e9 de joints et de produits d&rsquo;\u00e9tanch\u00e9it\u00e9.<\/p>\n<p><strong>Produits principaux de FEITE:<\/strong><\/p>\n<p><strong>Emballages tress\u00e9s:<\/strong><\/p>\n<p>Emballage en graphite PTFE, Emballage en fibres aramides, Emballage en graphite, Emballage en fibre de carbone, Emballage en fibre min\u00e9rale, Emballage en fibre de c\u00e9ramique, Emballage en fibre synth\u00e9tique, Emballage en fibre acrylique, Emballage en fibres kynol, Emballage en fibre v\u00e9g\u00e9tale, Emballage en fibre de Ramie<\/p>\n<p><strong>Joints m\u00e9talliques et non m\u00e9talliques:<\/strong><\/p>\n<p>Joints spiral\u00e9s, Joints de joints toriques, Joints double gain\u00e9s, Joints Kammprofile, Joints m\u00e9talliques ondul\u00e9s, Joints unis m\u00e9talliques (Cuivre, Fer, Aluminium), Joints plats non m\u00e9talliques, (PTFE, caoutchouc, sans amiante, Mica, Li\u00e8ge), Joints d&rsquo;automobile, joints de silencieux d&rsquo;\u00e9chappement, joints de cylindre etc.<\/p>\n<p><strong>Feuilles d&rsquo;\u00e9tanch\u00e9it\u00e9 et rouleaux:<\/strong><\/p>\n<p>Feuilles de graphite, feuilles de PTFE, feuilles de Non-amiante, feuilles en caoutchouc industrielles, feuilles d&rsquo;amiante, feuilles de mica, feuilles de li\u00e8ge, feuilles d&rsquo;isolation etc.<\/p>\n<p>Mati\u00e8res premi\u00e8res des joints et des garnitures:<\/p>\n<p>Mati\u00e8re premi\u00e8re de garnitures de glande, mati\u00e8re premi\u00e8re de joints, acier inoxydable 316L, amiante \/ non-amiante, PTFE, graphite, caoutchouc, li\u00e8ge, mica etc.<\/p>\n<p><strong>Sceaux Machines et outils:<\/strong><\/p>\n<p>Machines de garniture, enrouleuses, machines \u00e0 emballer de Brader, outils de Packng etc.<\/p>\n<p><strong>Produits d&rsquo;isolation:<\/strong><\/p>\n<p>Fil d&rsquo;amiante, corde d&rsquo;amiante, ruban d&rsquo;amiante, tissu d&rsquo;amiante,<\/p>\n<p>Fil de fibre de verre, corde de fibre de verre, bande de fibre de verre, tissu de fibre de verre,<\/p>\n<p>Fil de fibre de c\u00e9ramique, corde de fibre de c\u00e9ramique, bande de fibre de c\u00e9ramique, tissu de fibre de c\u00e9ramique etc.<\/p>\n<h2 style=\"text-align: justify;\"><\/h2>\n<p><img loading=\"lazy\" class=\"size-full wp-image-3063 alignleft\" src=\"https:\/\/www.feiteseal.com\/wp-content\/uploads\/2018\/07\/rev3-1.jpg\" alt=\"rev3-1\" width=\"250\" height=\"250\" srcset=\"https:\/\/www.feiteseal.com\/wp-content\/uploads\/2018\/07\/rev3-1.jpg 775w, https:\/\/www.feiteseal.com\/wp-content\/uploads\/2018\/07\/rev3-1-150x150.jpg 150w, https:\/\/www.feiteseal.com\/wp-content\/uploads\/2018\/07\/rev3-1-768x768.jpg 768w\" sizes=\"(max-width: 250px) 100vw, 250px\" \/><\/p>\n<h2 style=\"text-align: justify;\">CiXi Feite \u00e9tanch\u00e9it\u00e9 Material Co., Ltd.<\/h2>\n<p>&nbsp;<\/p>\n<p>Les services de FEITE sont bien exp\u00e9riment\u00e9s depuis des lustres dans les industries concern\u00e9es, telles que Oil &amp; Gas; Pipelines et raffineries; Usines p\u00e9trochimiques, chimiques et pharmaceutiques; Centrales \u00e9lectriques \u00e0 \u00e9nergie fossile, hydro\u00e9lectrique et nucl\u00e9aire; Ciment, papier et p\u00e2te, engrais et plantes sucri\u00e8res; Acier et centrales \u00e9lectriques; \u00c9changeurs de chaleur, vannes, pompes, soufflantes, compresseurs et br\u00fbleurs; Turbines \u00e0 vapeur et \u00e0 gaz; Construction navale et chemins de fer; Moteurs d&rsquo;avion; Moteurs \u00e0 combustion interne; OEM etc.<\/p>\n<p>Les objectifs de FEITE se d\u00e9veloppent en fournissant la MEILLEURE QUALIT\u00c9 et les PRIX LES PLUS BAS aux clients du monde entier, r\u00e9pondant aux demandes des clients et \u00e0 l&rsquo;exigence de s&rsquo;assurer que chaque client se sent libre d&rsquo;acheter et d&rsquo;utiliser nos produits.<\/p>\n<p>FEITE peut \u00e9galement fournir les services d&rsquo;achat et d&rsquo;exportation pour tous les produits fabriqu\u00e9s en China.<\/p>\n","protected":false},"excerpt":{"rendered":"<p>CiXi Feite \u00e9tanch\u00e9it\u00e9 Material Co., Ltd est l&rsquo;un des joints d&rsquo;\u00e9tanch\u00e9it\u00e9, emballage d&rsquo;\u00e9tanch\u00e9it\u00e9 et produits d&rsquo;isolation industrielle fabricant et fournisseur en Chine, la soci\u00e9t\u00e9 est situ\u00e9e \u00e0 CiXi, Ningbo, en Chine. Nous sommes sp\u00e9cialis\u00e9s dans la conception, la fabrication et l&rsquo;exportation d&rsquo;une vari\u00e9t\u00e9 de joints et de produits d&rsquo;\u00e9tanch\u00e9it\u00e9. Produits principaux de FEITE: Emballages tress\u00e9s: [&hellip;]<\/p>\n","protected":false},"author":1,"featured_media":0,"parent":0,"menu_order":0,"comment_status":"closed","ping_status":"closed","template":"","meta":[],"yst_prominent_words":[3395,2708,3396,3381,3397,3382,3398,3383,3399,3384,3385,3386,3387,3388,3389,3390,3391,3392,3393,3394],"_links":{"self":[{"href":"https:\/\/www.feiteseal.com\/fr\/wp-json\/wp\/v2\/pages\/3182\/"}],"collection":[{"href":"https:\/\/www.feiteseal.com\/fr\/wp-json\/wp\/v2\/pages\/"}],"about":[{"href":"https:\/\/www.feiteseal.com\/fr\/wp-json\/wp\/v2\/types\/page\/"}],"author":[{"embeddable":true,"href":"https:\/\/www.feiteseal.com\/fr\/wp-json\/wp\/v2\/users\/1\/"}],"replies":[{"embeddable":true,"href":"https:\/\/www.feiteseal.com\/fr\/wp-json\/wp\/v2\/comments\/?post=3182"}],"version-history":[{"count":6,"href":"https:\/\/www.feiteseal.com\/fr\/wp-json\/wp\/v2\/pages\/3182\/revisions\/"}],"predecessor-version":[{"id":11460,"href":"https:\/\/www.feiteseal.com\/fr\/wp-json\/wp\/v2\/pages\/3182\/revisions\/11460\/"}],"wp:attachment":[{"href":"https:\/\/www.feiteseal.com\/fr\/wp-json\/wp\/v2\/media\/?parent=3182"}],"wp:term":[{"taxonomy":"yst_prominent_words","embeddable":true,"href":"https:\/\/www.feiteseal.com\/fr\/wp-json\/wp\/v2\/yst_prominent_words\/?post=3182"}],"curies":[{"name":"wp","href":"https:\/\/api.w.org\/{rel}","templated":true}]}}