{"id":3187,"date":"2014-11-02T13:37:39","date_gmt":"2014-11-02T05:37:39","guid":{"rendered":"https:\/\/www.feiteseal.com\/about-us\/"},"modified":"2019-01-09T15:30:38","modified_gmt":"2019-01-09T07:30:38","slug":"about-us","status":"publish","type":"page","link":"https:\/\/www.feiteseal.com\/pt-pt\/about-us\/","title":{"rendered":"Sobre n\u00f3s"},"content":{"rendered":"<p><img loading=\"lazy\" class=\"size-full wp-image-3067 alignright\" src=\"https:\/\/www.feiteseal.com\/wp-content\/uploads\/2018\/07\/rev4.jpg\" alt=\"rev4\" width=\"250\" height=\"250\" srcset=\"https:\/\/www.feiteseal.com\/wp-content\/uploads\/2018\/07\/rev4.jpg 650w, https:\/\/www.feiteseal.com\/wp-content\/uploads\/2018\/07\/rev4-150x150.jpg 150w\" sizes=\"(max-width: 250px) 100vw, 250px\" \/><\/p>\n<p>CiXi Feite Veda\u00e7\u00e3o Material Co Ltd, \u00e9 um dos fabricantes de juntas, vedantes de veda\u00e7\u00e3o e produtos de isolamento industrial na China, a empresa est\u00e1 localizada em CiXi, Ningbo, China. Somos especializados em projetar, fabricar e exportar uma variedade de juntas e produtos de veda\u00e7\u00e3o de fluidos.<\/p>\n<p>FEITE principais produtos:<\/p>\n<p>Embalagem tran\u00e7ada:<\/p>\n<p>Embalagem de PTFE grafite, Embalagem de fibra de aramida, Embalagem de grafite, Embalagem de fibra de carbono, Embalagem de fibra mineral, Embalagem de fibra cer\u00e2mica, Embalagem de fibra sint\u00e9tica, Embalagem de fibra acr\u00edlica, Embalagem de fibra Kynol, Embalagem de fibra vegetal, Embalagem de fibra de rami, Qualquer material de veda\u00e7\u00e3o<\/p>\n<p>Juntas met\u00e1licas e n\u00e3o met\u00e1licas:<\/p>\n<p>Juntas Espirais, Juntas Conjuntas de Juntas, Juntas Jaqueta Dupla, Juntas Kammprofile, Juntas de Metal Corrugado, Juntas Met\u00e1licas S\u00f3lidas (Cobre, Ferro, Alum\u00ednio), Juntas Planas N\u00e3o Met\u00e1licas, (PTFE, borracha, Sem amianto, Mica, Corti\u00e7a), Juntas de Autom\u00f3veis, Juntas de Escape, Juntas de Cilindro, etc.<\/p>\n<p>Folhas de veda\u00e7\u00e3o e rolos:<\/p>\n<p>Folhas de grafite, folhas de PTFE, folhas de n\u00e3o-asbesto, folhas de borracha industrial, folhas de amianto, folhas de mica, folhas de corti\u00e7a, folhas de isolamento etc.<\/p>\n<p>Mat\u00e9ria Prima das Gaxetas e Embalagens:<\/p>\n<p>Mat\u00e9ria prima das embalagens de gl\u00e2ndula, mat\u00e9ria prima das gaxetas, 316L de a\u00e7o inoxid\u00e1vel, asbesto \/ N\u00e3o-asbesto, PTFE, grafite, borracha, corti\u00e7a, mica etc.<\/p>\n<p>Selos M\u00e1quinas e Ferramentas:<\/p>\n<p>M\u00e1quinas de gaxetas, m\u00e1quinas de enrolamento, m\u00e1quinas de embalagem Brader, ferramentas Packng etc.<\/p>\n<p>Produtos de isolamento:<\/p>\n<p>Fio de amianto, Corda de amianto, Fita de amianto, Pano de amianto,<\/p>\n<p>Fio da fibra de vidro, corda da fibra de vidro, fita da fibra de vidro, pano da fibra de vidro,<\/p>\n<p>Fio de fibra cer\u00e2mica, corda de fibra cer\u00e2mica, fita de fibra cer\u00e2mica, pano de fibra cer\u00e2mica etc.<\/p>\n<h2 style=\"text-align: justify;\"><\/h2>\n<p><img loading=\"lazy\" class=\"size-full wp-image-3063 alignleft\" src=\"https:\/\/www.feiteseal.com\/wp-content\/uploads\/2018\/07\/rev3-1.jpg\" alt=\"rev3-1\" width=\"250\" height=\"250\" srcset=\"https:\/\/www.feiteseal.com\/wp-content\/uploads\/2018\/07\/rev3-1.jpg 775w, https:\/\/www.feiteseal.com\/wp-content\/uploads\/2018\/07\/rev3-1-150x150.jpg 150w, https:\/\/www.feiteseal.com\/wp-content\/uploads\/2018\/07\/rev3-1-768x768.jpg 768w\" sizes=\"(max-width: 250px) 100vw, 250px\" \/><\/p>\n<h2 style=\"text-align: justify;\">CiXi Feite Selagem Material Co., Ltd.<\/h2>\n<p>&nbsp;<\/p>\n<p>Os Servi\u00e7os da FEITE s\u00e3o bem experientes por muito tempo nos setores relacionados, como Petr\u00f3leo e G\u00e1s; Oleodutos e refinarias; Plantas Petroqu\u00edmicas, Qu\u00edmicas e Farmac\u00eauticas; Usinas de Energia F\u00f3ssil, H\u00eddrica e Nuclear; Cimento, Papel e Celulose, Fertilizantes e Plantas de A\u00e7\u00facar; Steel &amp; Power Plants; Trocadores de Calor, V\u00e1lvulas, Bombas, Sopradores, Compressores e Queimadores; Turbinas a vapor e a g\u00e1s; Constru\u00e7\u00e3o Naval e Ferrovias; Motores de aeronaves; Motores de combust\u00e3o interna; OEM etc.<\/p>\n<p>FEITE As metas est\u00e3o crescendo, fornecendo MELHOR QUALIDADE e PRE\u00c7OS MAIS BAIXOS aos clientes de todo o mundo o tempo todo, atendendo \u00e0s demandas e exig\u00eancia dos clientes para garantir que cada cliente sinta-se \u00e0 vontade para comprar e usar nossos produtos.<\/p>\n<p>A FEITE tamb\u00e9m pode fornecer os servi\u00e7os de compra e exporta\u00e7\u00e3o para todos os produtos fabricados na China.<\/p>\n","protected":false},"excerpt":{"rendered":"<p>CiXi Feite Veda\u00e7\u00e3o Material Co Ltd, \u00e9 um dos fabricantes de juntas, vedantes de veda\u00e7\u00e3o e produtos de isolamento industrial na China, a empresa est\u00e1 localizada em CiXi, Ningbo, China. Somos especializados em projetar, fabricar e exportar uma variedade de juntas e produtos de veda\u00e7\u00e3o de fluidos. FEITE principais produtos: Embalagem tran\u00e7ada: Embalagem de PTFE [&hellip;]<\/p>\n","protected":false},"author":1,"featured_media":0,"parent":0,"menu_order":0,"comment_status":"closed","ping_status":"closed","template":"","meta":[],"yst_prominent_words":[],"_links":{"self":[{"href":"https:\/\/www.feiteseal.com\/pt-pt\/wp-json\/wp\/v2\/pages\/3187\/"}],"collection":[{"href":"https:\/\/www.feiteseal.com\/pt-pt\/wp-json\/wp\/v2\/pages\/"}],"about":[{"href":"https:\/\/www.feiteseal.com\/pt-pt\/wp-json\/wp\/v2\/types\/page\/"}],"author":[{"embeddable":true,"href":"https:\/\/www.feiteseal.com\/pt-pt\/wp-json\/wp\/v2\/users\/1\/"}],"replies":[{"embeddable":true,"href":"https:\/\/www.feiteseal.com\/pt-pt\/wp-json\/wp\/v2\/comments\/?post=3187"}],"version-history":[{"count":3,"href":"https:\/\/www.feiteseal.com\/pt-pt\/wp-json\/wp\/v2\/pages\/3187\/revisions\/"}],"predecessor-version":[{"id":11465,"href":"https:\/\/www.feiteseal.com\/pt-pt\/wp-json\/wp\/v2\/pages\/3187\/revisions\/11465\/"}],"wp:attachment":[{"href":"https:\/\/www.feiteseal.com\/pt-pt\/wp-json\/wp\/v2\/media\/?parent=3187"}],"wp:term":[{"taxonomy":"yst_prominent_words","embeddable":true,"href":"https:\/\/www.feiteseal.com\/pt-pt\/wp-json\/wp\/v2\/yst_prominent_words\/?post=3187"}],"curies":[{"name":"wp","href":"https:\/\/api.w.org\/{rel}","templated":true}]}}